{"id":6879,"date":"2020-02-15T10:38:12","date_gmt":"2020-02-15T09:38:12","guid":{"rendered":"https:\/\/www.dph-moule.com\/news\/"},"modified":"2023-06-08T16:49:00","modified_gmt":"2023-06-08T14:49:00","slug":"news","status":"publish","type":"page","link":"https:\/\/www.dph-moule.com\/en\/news\/","title":{"rendered":"News"},"content":{"rendered":"\t\t<div data-elementor-type=\"wp-page\" data-elementor-id=\"6879\" class=\"elementor elementor-6879 elementor-18\">\n\t\t\t\t\t\t\t\t\t<section class=\"elementor-section elementor-top-section elementor-element elementor-element-6a0f6f7 elementor-section-content-middle elementor-section-boxed elementor-section-height-default elementor-section-height-default\" data-id=\"6a0f6f7\" data-element_type=\"section\">\n\t\t\t\t\t\t<div class=\"elementor-container elementor-column-gap-wider\">\n\t\t\t\t\t<div class=\"elementor-column elementor-col-50 elementor-top-column elementor-element elementor-element-eb23d2d\" data-id=\"eb23d2d\" data-element_type=\"column\">\n\t\t\t<div class=\"elementor-widget-wrap elementor-element-populated\">\n\t\t\t\t\t\t\t\t<div class=\"elementor-element elementor-element-3d6db17 elementor-widget elementor-widget-heading\" data-id=\"3d6db17\" data-element_type=\"widget\" data-widget_type=\"heading.default\">\n\t\t\t\t<div class=\"elementor-widget-container\">\n\t\t\t<h3 class=\"elementor-heading-title elementor-size-default\">News<\/h3>\t\t<\/div>\n\t\t\t\t<\/div>\n\t\t\t\t\t<\/div>\n\t\t<\/div>\n\t\t\t\t<div class=\"elementor-column elementor-col-50 elementor-top-column elementor-element elementor-element-a82018f\" data-id=\"a82018f\" data-element_type=\"column\">\n\t\t\t<div class=\"elementor-widget-wrap elementor-element-populated\">\n\t\t\t\t\t\t\t\t<div class=\"elementor-element elementor-element-8bd3be3 elementor-widget__width-auto elementor-widget elementor-widget-heading\" data-id=\"8bd3be3\" data-element_type=\"widget\" data-widget_type=\"heading.default\">\n\t\t\t\t<div class=\"elementor-widget-container\">\n\t\t\t<h3 class=\"elementor-heading-title elementor-size-default\">Latest news and announcements from our company DPH Moule<\/h3>\t\t<\/div>\n\t\t\t\t<\/div>\n\t\t\t\t\t<\/div>\n\t\t<\/div>\n\t\t\t\t\t\t\t<\/div>\n\t\t<\/section>\n\t\t\t\t<section class=\"elementor-section elementor-top-section elementor-element elementor-element-90e689f elementor-section-boxed elementor-section-height-default elementor-section-height-default\" data-id=\"90e689f\" data-element_type=\"section\">\n\t\t\t\t\t\t<div class=\"elementor-container elementor-column-gap-wider\">\n\t\t\t\t\t<div class=\"elementor-column elementor-col-100 elementor-top-column elementor-element elementor-element-d3af813\" data-id=\"d3af813\" data-element_type=\"column\">\n\t\t\t<div class=\"elementor-widget-wrap elementor-element-populated\">\n\t\t\t\t\t\t\t\t<div class=\"elementor-element elementor-element-7738ee6 preserve-img-ratio-cover elementor-widget elementor-widget-the7_elements\" data-id=\"7738ee6\" data-element_type=\"widget\" data-widget_type=\"the7_elements.default\">\n\t\t\t\t<div class=\"elementor-widget-container\">\n\t\t\t<div class=\"portfolio-shortcode the7-elementor-widget the7_elements-7738ee6 mode-grid dt-css-grid-wrap classic-layout-list description-under-image content-bg-on resize-by-browser-width loading-effect-none\" data-padding=\"60px\" data-mobile-columns-num=\"1\" data-tablet-columns-num=\"2\" data-desktop-columns-num=\"3\" data-wide-desktop-columns-num=\"3\" data-post-limit=\"-1\" data-pagination-mode=\"standard\" data-scroll-offset=\"\"><div class=\"dt-css-grid custom-pagination-handler\"><div class=\"visible wf-cell\" data-post-id=\"6811\" data-date=\"2023-02-10T11:32:27+01:00\" data-name=\"For MEDICAL applications, precision moulds for technical parts combined with high-performance materials (PEEK, PEI, PPS, PPAA, PAA, FCP, etc.)\"><article class=\"post visible post-6811 type-post status-publish format-standard has-post-thumbnail hentry category-non-classifiee\" data-name=\"For MEDICAL applications, precision moulds for technical parts combined with high-performance materials (PEEK, PEI, PPS, PPAA, PAA, FCP, etc.)\" data-date=\"2023-02-10T11:32:27+01:00\">\n\n\t<div class=\"post-thumbnail-wrap rollover-active\">\n\t\t<div class=\"post-thumbnail\">\n\n\t\t\t<a class=\"post-thumbnail-rollover layzr-bg img-css-resize-wrapper\" aria-label=\"Post image\" href=\"https:\/\/www.dph-moule.com\/en\/2023\/02\/10\/for-medical-applications-precision-moulds-for-technical-parts-combined-with-high-performance-materials-peek-pei-pps-ppaa-paa-fcp-etc\/\"><img fetchpriority=\"high\" decoding=\"async\" width=\"960\" height=\"767\" src=\"data:image\/svg+xml,%3Csvg%20xmlns%3D&#039;http%3A%2F%2Fwww.w3.org%2F2000%2Fsvg&#039;%20viewBox%3D&#039;0%200%20960%20767&#039;%2F%3E\" class=\"attachment-full size-full preload-me aspect lazy lazy-load\" alt=\"\" sizes=\"(max-width: 960px) 100vw, 960px\" style=\"--ratio: 960 \/ 767;\" data-src=\"https:\/\/www.dph-moule.com\/wp-content\/uploads\/2023\/02\/article1.jpg\" loading=\"eager\" data-srcset=\"https:\/\/www.dph-moule.com\/wp-content\/uploads\/2023\/02\/article1.jpg 960w, https:\/\/www.dph-moule.com\/wp-content\/uploads\/2023\/02\/article1-300x240.jpg 300w, https:\/\/www.dph-moule.com\/wp-content\/uploads\/2023\/02\/article1-768x614.jpg 768w\" \/><\/a><div class=\"project-links-container\"><a href=\"https:\/\/www.dph-moule.com\/en\/2023\/02\/10\/for-medical-applications-precision-moulds-for-technical-parts-combined-with-high-performance-materials-peek-pei-pps-ppaa-paa-fcp-etc\/\" class=\"project-details\" aria-label=\"Details link\"><span aria-hidden=\"true\" class=\"fas fa-ellipsis-h\"><\/span><\/a><\/div>\n\t\t<\/div>\n\t<\/div>\n\n\n<div class=\"post-entry-content\">\n\n\t<h3 class=\"ele-entry-title\"><a href=\"https:\/\/www.dph-moule.com\/en\/2023\/02\/10\/for-medical-applications-precision-moulds-for-technical-parts-combined-with-high-performance-materials-peek-pei-pps-ppaa-paa-fcp-etc\/\" rel=\"bookmark\" title=\"For MEDICAL applications, precision moulds for technical parts combined with high-performance materials (PEEK, PEI, PPS, PPAA, PAA, FCP, etc.)\">For MEDICAL applications, precision moulds for technical parts combined with high-performance materials (PEEK, PEI, PPS, PPAA, PAA, FCP, etc.)<\/a><\/h3><div class=\"entry-meta\"><a href=\"https:\/\/www.dph-moule.com\/en\/2023\/02\/10\/\" title=\"11h32\" class=\"meta-item data-link\" rel=\"bookmark\"><time class=\"entry-date updated\" datetime=\"2023-02-10T11:32:27+01:00\">10 February 2023<\/time><\/a><\/div>\n<\/div><\/article><\/div><div class=\"visible wf-cell\" data-post-id=\"6815\" data-date=\"2023-02-02T17:30:30+01:00\" data-name=\"DPH present at MEDI&#039;NOV Connection\"><article class=\"post visible post-6815 type-post status-publish format-standard has-post-thumbnail hentry category-non-classifiee\" data-name=\"DPH present at MEDI&#8217;NOV Connection\" data-date=\"2023-02-02T17:30:30+01:00\">\n\n\t<div class=\"post-thumbnail-wrap rollover-active\">\n\t\t<div class=\"post-thumbnail\">\n\n\t\t\t<a class=\"post-thumbnail-rollover layzr-bg img-css-resize-wrapper\" aria-label=\"Post image\" href=\"https:\/\/www.dph-moule.com\/en\/2023\/02\/02\/dph-present-at-medinov-connection\/\"><img decoding=\"async\" width=\"895\" height=\"594\" src=\"data:image\/svg+xml,%3Csvg%20xmlns%3D&#039;http%3A%2F%2Fwww.w3.org%2F2000%2Fsvg&#039;%20viewBox%3D&#039;0%200%20895%20594&#039;%2F%3E\" class=\"attachment-full size-full preload-me aspect lazy lazy-load\" alt=\"\" sizes=\"(max-width: 895px) 100vw, 895px\" style=\"--ratio: 895 \/ 594;\" data-src=\"https:\/\/www.dph-moule.com\/wp-content\/uploads\/2023\/02\/medinov2.jpg\" loading=\"eager\" data-srcset=\"https:\/\/www.dph-moule.com\/wp-content\/uploads\/2023\/02\/medinov2.jpg 895w, https:\/\/www.dph-moule.com\/wp-content\/uploads\/2023\/02\/medinov2-300x199.jpg 300w, https:\/\/www.dph-moule.com\/wp-content\/uploads\/2023\/02\/medinov2-768x510.jpg 768w\" \/><\/a><div class=\"project-links-container\"><a href=\"https:\/\/www.dph-moule.com\/en\/2023\/02\/02\/dph-present-at-medinov-connection\/\" class=\"project-details\" aria-label=\"Details link\"><span aria-hidden=\"true\" class=\"fas fa-ellipsis-h\"><\/span><\/a><\/div>\n\t\t<\/div>\n\t<\/div>\n\n\n<div class=\"post-entry-content\">\n\n\t<h3 class=\"ele-entry-title\"><a href=\"https:\/\/www.dph-moule.com\/en\/2023\/02\/02\/dph-present-at-medinov-connection\/\" rel=\"bookmark\" title=\"DPH present at MEDI&#8217;NOV Connection\">DPH present at MEDI&#8217;NOV Connection<\/a><\/h3><div class=\"entry-meta\"><a href=\"https:\/\/www.dph-moule.com\/en\/2023\/02\/02\/\" title=\"17h30\" class=\"meta-item data-link\" rel=\"bookmark\"><time class=\"entry-date updated\" datetime=\"2023-02-02T17:30:30+01:00\">2 February 2023<\/time><\/a><\/div>\n<\/div><\/article><\/div><div class=\"visible wf-cell\" data-post-id=\"6822\" data-date=\"2022-12-17T14:00:48+01:00\" data-name=\"Two new machines for very high precision in 2022\"><article class=\"post visible post-6822 type-post status-publish format-standard has-post-thumbnail hentry category-non-classifiee\" data-name=\"Two new machines for very high precision in 2022\" data-date=\"2022-12-17T14:00:48+01:00\">\n\n\t<div class=\"post-thumbnail-wrap rollover-active\">\n\t\t<div class=\"post-thumbnail\">\n\n\t\t\t<a class=\"post-thumbnail-rollover layzr-bg img-css-resize-wrapper\" aria-label=\"Post image\" href=\"https:\/\/www.dph-moule.com\/en\/2022\/12\/17\/two-new-machines-for-very-high-precision-in-2022\/\"><img decoding=\"async\" width=\"1200\" height=\"700\" src=\"data:image\/svg+xml,%3Csvg%20xmlns%3D&#039;http%3A%2F%2Fwww.w3.org%2F2000%2Fsvg&#039;%20viewBox%3D&#039;0%200%201200%20700&#039;%2F%3E\" class=\"attachment-full size-full preload-me aspect lazy lazy-load\" alt=\"\" sizes=\"(max-width: 1200px) 100vw, 1200px\" style=\"--ratio: 1200 \/ 700;\" data-src=\"https:\/\/www.dph-moule.com\/wp-content\/uploads\/2022\/12\/Centre-d-usinage.jpg\" loading=\"eager\" data-srcset=\"https:\/\/www.dph-moule.com\/wp-content\/uploads\/2022\/12\/Centre-d-usinage.jpg 1200w, https:\/\/www.dph-moule.com\/wp-content\/uploads\/2022\/12\/Centre-d-usinage-300x175.jpg 300w, https:\/\/www.dph-moule.com\/wp-content\/uploads\/2022\/12\/Centre-d-usinage-1024x597.jpg 1024w, https:\/\/www.dph-moule.com\/wp-content\/uploads\/2022\/12\/Centre-d-usinage-768x448.jpg 768w\" \/><\/a><div class=\"project-links-container\"><a href=\"https:\/\/www.dph-moule.com\/en\/2022\/12\/17\/two-new-machines-for-very-high-precision-in-2022\/\" class=\"project-details\" aria-label=\"Details link\"><span aria-hidden=\"true\" class=\"fas fa-ellipsis-h\"><\/span><\/a><\/div>\n\t\t<\/div>\n\t<\/div>\n\n\n<div class=\"post-entry-content\">\n\n\t<h3 class=\"ele-entry-title\"><a href=\"https:\/\/www.dph-moule.com\/en\/2022\/12\/17\/two-new-machines-for-very-high-precision-in-2022\/\" rel=\"bookmark\" title=\"Two new machines for very high precision in 2022\">Two new machines for very high precision in 2022<\/a><\/h3><div class=\"entry-meta\"><a href=\"https:\/\/www.dph-moule.com\/en\/2022\/12\/17\/\" title=\"14h00\" class=\"meta-item data-link\" rel=\"bookmark\"><time class=\"entry-date updated\" datetime=\"2022-12-17T14:00:48+01:00\">17 December 2022<\/time><\/a><\/div>\n<\/div><\/article><\/div><div class=\"visible wf-cell\" data-post-id=\"6826\" data-date=\"2022-12-16T14:00:19+01:00\" data-name=\"DPH present at the Plastics Meetings in Lyon\"><article class=\"post visible post-6826 type-post status-publish format-standard has-post-thumbnail hentry category-non-classifiee\" data-name=\"DPH present at the Plastics Meetings in Lyon\" data-date=\"2022-12-16T14:00:19+01:00\">\n\n\t<div class=\"post-thumbnail-wrap rollover-active\">\n\t\t<div class=\"post-thumbnail\">\n\n\t\t\t<a class=\"post-thumbnail-rollover layzr-bg img-css-resize-wrapper\" aria-label=\"Post image\" href=\"https:\/\/www.dph-moule.com\/en\/2022\/12\/16\/dph-present-at-the-plastics-meetings-in-lyon\/\"><img decoding=\"async\" width=\"6000\" height=\"1563\" src=\"data:image\/svg+xml,%3Csvg%20xmlns%3D&#039;http%3A%2F%2Fwww.w3.org%2F2000%2Fsvg&#039;%20viewBox%3D&#039;0%200%206000%201563&#039;%2F%3E\" class=\"attachment-full size-full preload-me aspect lazy lazy-load\" alt=\"\" sizes=\"(max-width: 6000px) 100vw, 6000px\" style=\"--ratio: 6000 \/ 1563;\" data-src=\"https:\/\/www.dph-moule.com\/wp-content\/uploads\/2022\/12\/Plastics-meetings-5.png\" loading=\"eager\" data-srcset=\"https:\/\/www.dph-moule.com\/wp-content\/uploads\/2022\/12\/Plastics-meetings-5.png 6000w, https:\/\/www.dph-moule.com\/wp-content\/uploads\/2022\/12\/Plastics-meetings-5-300x78.png 300w, https:\/\/www.dph-moule.com\/wp-content\/uploads\/2022\/12\/Plastics-meetings-5-1024x267.png 1024w, https:\/\/www.dph-moule.com\/wp-content\/uploads\/2022\/12\/Plastics-meetings-5-768x200.png 768w, https:\/\/www.dph-moule.com\/wp-content\/uploads\/2022\/12\/Plastics-meetings-5-1536x400.png 1536w, https:\/\/www.dph-moule.com\/wp-content\/uploads\/2022\/12\/Plastics-meetings-5-2048x534.png 2048w\" \/><\/a><div class=\"project-links-container\"><a href=\"https:\/\/www.dph-moule.com\/en\/2022\/12\/16\/dph-present-at-the-plastics-meetings-in-lyon\/\" class=\"project-details\" aria-label=\"Details link\"><span aria-hidden=\"true\" class=\"fas fa-ellipsis-h\"><\/span><\/a><\/div>\n\t\t<\/div>\n\t<\/div>\n\n\n<div class=\"post-entry-content\">\n\n\t<h3 class=\"ele-entry-title\"><a href=\"https:\/\/www.dph-moule.com\/en\/2022\/12\/16\/dph-present-at-the-plastics-meetings-in-lyon\/\" rel=\"bookmark\" title=\"DPH present at the Plastics Meetings in Lyon\">DPH present at the Plastics Meetings in Lyon<\/a><\/h3><div class=\"entry-meta\"><a href=\"https:\/\/www.dph-moule.com\/en\/2022\/12\/16\/\" title=\"14h00\" class=\"meta-item data-link\" rel=\"bookmark\"><time class=\"entry-date updated\" datetime=\"2022-12-16T14:00:19+01:00\">16 December 2022<\/time><\/a><\/div>\n<\/div><\/article><\/div><\/div><!-- iso-container|iso-grid --><\/div>\t\t<\/div>\n\t\t\t\t<\/div>\n\t\t\t\t\t<\/div>\n\t\t<\/div>\n\t\t\t\t\t\t\t<\/div>\n\t\t<\/section>\n\t\t\t\t\t\t\t<\/div>\n\t\t","protected":false},"excerpt":{"rendered":"<p>News Latest news and announcements from our company DPH Moule Pour le MEDICAL, des moules de pr\u00e9cision pour pi\u00e8ces techniques associ\u00e9s \u00e0 des mat\u00e9riaux de haute performance (PEEK, PEI, PPS, PPAA, PAA, FCP\u2026) 10 f\u00e9vrier 2023 DPH pr\u00e9sent \u00e0 MEDI\u2019NOV Connection 2 f\u00e9vrier 2023 2 nouvelles machines pour la tr\u00e8s haute pr\u00e9cision en 2022 17&hellip;<\/p>\n","protected":false},"author":1,"featured_media":6582,"parent":0,"menu_order":50,"comment_status":"closed","ping_status":"closed","template":"","meta":{"footnotes":""},"class_list":["post-6879","page","type-page","status-publish","has-post-thumbnail","hentry"],"_links":{"self":[{"href":"https:\/\/www.dph-moule.com\/en\/wp-json\/wp\/v2\/pages\/6879","targetHints":{"allow":["GET"]}}],"collection":[{"href":"https:\/\/www.dph-moule.com\/en\/wp-json\/wp\/v2\/pages"}],"about":[{"href":"https:\/\/www.dph-moule.com\/en\/wp-json\/wp\/v2\/types\/page"}],"author":[{"embeddable":true,"href":"https:\/\/www.dph-moule.com\/en\/wp-json\/wp\/v2\/users\/1"}],"replies":[{"embeddable":true,"href":"https:\/\/www.dph-moule.com\/en\/wp-json\/wp\/v2\/comments?post=6879"}],"version-history":[{"count":3,"href":"https:\/\/www.dph-moule.com\/en\/wp-json\/wp\/v2\/pages\/6879\/revisions"}],"predecessor-version":[{"id":6882,"href":"https:\/\/www.dph-moule.com\/en\/wp-json\/wp\/v2\/pages\/6879\/revisions\/6882"}],"wp:featuredmedia":[{"embeddable":true,"href":"https:\/\/www.dph-moule.com\/en\/wp-json\/wp\/v2\/media\/6582"}],"wp:attachment":[{"href":"https:\/\/www.dph-moule.com\/en\/wp-json\/wp\/v2\/media?parent=6879"}],"curies":[{"name":"wp","href":"https:\/\/api.w.org\/{rel}","templated":true}]}}